{"id":1107,"date":"2021-04-16T08:52:16","date_gmt":"2021-04-16T08:52:16","guid":{"rendered":"https:\/\/preview.tutorlms.com\/elementor-marketplace\/?page_id=1107"},"modified":"2024-08-17T00:55:12","modified_gmt":"2024-08-17T00:55:12","slug":"a-propos","status":"publish","type":"page","link":"https:\/\/opqconsulting.com\/en\/a-propos\/","title":{"rendered":"About"},"content":{"rendered":"<div data-elementor-type=\"wp-page\" data-elementor-id=\"1107\" class=\"elementor elementor-1107\">\n\t\t\t\t<div class=\"elementor-element elementor-element-8637332 e-flex e-con-boxed e-con e-parent\" data-id=\"8637332\" data-element_type=\"container\" data-e-type=\"container\">\n\t\t\t\t\t<div class=\"e-con-inner\">\n\t\t\t\t<div class=\"elementor-element elementor-element-7c06b59 elementor-align-center elementor-widget__width-inherit elementor-fixed elementor-mobile-align-center elementor-widget-mobile__width-inherit elementor-widget elementor-widget-button\" data-id=\"7c06b59\" data-element_type=\"widget\" data-e-type=\"widget\" data-settings=\"{&quot;_position&quot;:&quot;fixed&quot;}\" data-widget_type=\"button.default\">\n\t\t\t\t<div class=\"elementor-widget-container\">\n\t\t\t\t\t\t\t\t\t<div class=\"elementor-button-wrapper\">\n\t\t\t\t\t<a class=\"elementor-button elementor-button-link elementor-size-sm elementor-animation-grow\" href=\"https:\/\/book.squareup.com\/appointments\/pjax5px9qo6wu3\/location\/LGWGWSJ7FAN2W\/services\/U64ME3Y2WMBXGBPV4636JS5F\" target=\"_blank\">\n\t\t\t\t\t\t<span class=\"elementor-button-content-wrapper\">\n\t\t\t\t\t\t<span class=\"elementor-button-icon\">\n\t\t\t\t<svg aria-hidden=\"true\" class=\"e-font-icon-svg e-fas-calendar-check\" viewbox=\"0 0 448 512\" xmlns=\"http:\/\/www.w3.org\/2000\/svg\"><path d=\"M436 160H12c-6.627 0-12-5.373-12-12v-36c0-26.51 21.49-48 48-48h48V12c0-6.627 5.373-12 12-12h40c6.627 0 12 5.373 12 12v52h128V12c0-6.627 5.373-12 12-12h40c6.627 0 12 5.373 12 12v52h48c26.51 0 48 21.49 48 48v36c0 6.627-5.373 12-12 12zM12 192h424c6.627 0 12 5.373 12 12v260c0 26.51-21.49 48-48 48H48c-26.51 0-48-21.49-48-48V204c0-6.627 5.373-12 12-12zm333.296 95.947l-28.169-28.398c-4.667-4.705-12.265-4.736-16.97-.068L194.12 364.665l-45.98-46.352c-4.667-4.705-12.266-4.736-16.971-.068l-28.397 28.17c-4.705 4.667-4.736 12.265-.068 16.97l82.601 83.269c4.667 4.705 12.265 4.736 16.97.068l142.953-141.805c4.705-4.667 4.736-12.265.068-16.97z\"><\/path><\/svg>\t\t\t<\/span>\n\t\t\t\t\t\t\t\t\t<span class=\"elementor-button-text\">Book a call<\/span>\n\t\t\t\t\t<\/span>\n\t\t\t\t\t<\/a>\n\t\t\t\t<\/div>\n\t\t\t\t\t\t\t\t<\/div>\n\t\t\t\t<\/div>\n\t\t\t\t\t<\/div>\n\t\t\t\t<\/div>\n\t\t\t\t<section class=\"elementor-section elementor-top-section elementor-element elementor-element-18391ed elementor-section-boxed elementor-section-height-default elementor-section-height-default\" data-id=\"18391ed\" data-element_type=\"section\" data-e-type=\"section\" data-settings=\"{&quot;background_background&quot;:&quot;classic&quot;}\">\n\t\t\t\t\t\t<div class=\"elementor-container elementor-column-gap-default\">\n\t\t\t\t\t<div class=\"elementor-column elementor-col-100 elementor-top-column elementor-element elementor-element-f2b6a0a\" data-id=\"f2b6a0a\" data-element_type=\"column\" data-e-type=\"column\">\n\t\t\t<div class=\"elementor-widget-wrap elementor-element-populated\">\n\t\t\t\t\t\t<div class=\"elementor-element elementor-element-2dca618 elementor-widget elementor-widget-heading\" data-id=\"2dca618\" data-element_type=\"widget\" data-e-type=\"widget\" data-widget_type=\"heading.default\">\n\t\t\t\t<div class=\"elementor-widget-container\">\n\t\t\t\t\t<h2 class=\"elementor-heading-title elementor-size-default\">About<\/h2>\t\t\t\t<\/div>\n\t\t\t\t<\/div>\n\t\t\t\t\t<\/div>\n\t\t<\/div>\n\t\t\t\t\t<\/div>\n\t\t<\/section>\n\t\t<div class=\"elementor-element elementor-element-d00566e e-flex e-con-boxed e-con e-parent\" data-id=\"d00566e\" data-element_type=\"container\" data-e-type=\"container\">\n\t\t\t\t\t<div class=\"e-con-inner\">\n\t\t\t\t<div class=\"elementor-element elementor-element-01d8458 elementor-widget elementor-widget-heading\" data-id=\"01d8458\" data-element_type=\"widget\" data-e-type=\"widget\" data-widget_type=\"heading.default\">\n\t\t\t\t<div class=\"elementor-widget-container\">\n\t\t\t\t\t<h2 class=\"elementor-heading-title elementor-size-default\">WHO ARE WE ?<\/h2>\t\t\t\t<\/div>\n\t\t\t\t<\/div>\n\t\t\t\t\t<\/div>\n\t\t\t\t<\/div>\n\t\t\t\t<section class=\"elementor-section elementor-top-section elementor-element elementor-element-8a8909e elementor-section-content-middle elementor-section-boxed elementor-section-height-default elementor-section-height-default\" data-id=\"8a8909e\" data-element_type=\"section\" data-e-type=\"section\">\n\t\t\t\t\t\t<div class=\"elementor-container elementor-column-gap-default\">\n\t\t\t\t\t<div class=\"elementor-column elementor-col-50 elementor-top-column elementor-element elementor-element-1495b4f\" data-id=\"1495b4f\" data-element_type=\"column\" data-e-type=\"column\">\n\t\t\t<div class=\"elementor-widget-wrap elementor-element-populated\">\n\t\t\t\t\t\t<div class=\"elementor-element elementor-element-e186cba elementor-widget elementor-widget-image\" data-id=\"e186cba\" data-element_type=\"widget\" data-e-type=\"widget\" data-widget_type=\"image.default\">\n\t\t\t\t<div class=\"elementor-widget-container\">\n\t\t\t\t\t\t\t\t\t\t\t\t\t\t\t<img fetchpriority=\"high\" decoding=\"async\" width=\"1024\" height=\"1024\" src=\"https:\/\/opqconsulting.com\/wp-content\/uploads\/2024\/05\/OPQ-LOGO-1024x1024.jpg\" class=\"attachment-large size-large wp-image-122\" alt=\"\" srcset=\"https:\/\/opqconsulting.com\/wp-content\/uploads\/2024\/05\/OPQ-LOGO-1024x1024.jpg 1024w, https:\/\/opqconsulting.com\/wp-content\/uploads\/2024\/05\/OPQ-LOGO-300x300.jpg 300w, https:\/\/opqconsulting.com\/wp-content\/uploads\/2024\/05\/OPQ-LOGO-scaled-100x100.jpg 100w, https:\/\/opqconsulting.com\/wp-content\/uploads\/2024\/05\/OPQ-LOGO-scaled-600x600.jpg 600w, https:\/\/opqconsulting.com\/wp-content\/uploads\/2024\/05\/OPQ-LOGO-150x150.jpg 150w, https:\/\/opqconsulting.com\/wp-content\/uploads\/2024\/05\/OPQ-LOGO-768x768.jpg 768w, https:\/\/opqconsulting.com\/wp-content\/uploads\/2024\/05\/OPQ-LOGO-1536x1536.jpg 1536w, https:\/\/opqconsulting.com\/wp-content\/uploads\/2024\/05\/OPQ-LOGO-2048x2048.jpg 2048w, https:\/\/opqconsulting.com\/wp-content\/uploads\/2024\/05\/elementor\/thumbs\/OPQ-LOGO-scaled-qo41htjgx0ywo1opbw7pkmpydsam72otouzg2olk08.jpg 500w, https:\/\/opqconsulting.com\/wp-content\/uploads\/2024\/05\/elementor\/thumbs\/OPQ-LOGO-scaled-qo41htjfp66h21iywzcjgjvlcg2zjbh3t2e9xa4bz4.jpg 400w\" sizes=\"(max-width: 1024px) 100vw, 1024px\" \/>\t\t\t\t\t\t\t\t\t\t\t\t\t\t\t<\/div>\n\t\t\t\t<\/div>\n\t\t\t\t\t<\/div>\n\t\t<\/div>\n\t\t\t\t<div class=\"elementor-column elementor-col-50 elementor-top-column elementor-element elementor-element-fb411ec\" data-id=\"fb411ec\" data-element_type=\"column\" data-e-type=\"column\">\n\t\t\t<div class=\"elementor-widget-wrap elementor-element-populated\">\n\t\t\t\t\t\t<div class=\"elementor-element elementor-element-faef4cb elementor-widget elementor-widget-heading\" data-id=\"faef4cb\" data-element_type=\"widget\" data-e-type=\"widget\" data-widget_type=\"heading.default\">\n\t\t\t\t<div class=\"elementor-widget-container\">\n\t\t\t\t\t<h2 class=\"elementor-heading-title elementor-size-default\">Mission &amp; Vision<\/h2>\t\t\t\t<\/div>\n\t\t\t\t<\/div>\n\t\t\t\t<div class=\"elementor-element elementor-element-6237cc5 elementor-widget elementor-widget-text-editor\" data-id=\"6237cc5\" data-element_type=\"widget\" data-e-type=\"widget\" data-widget_type=\"text-editor.default\">\n\t\t\t\t<div class=\"elementor-widget-container\">\n\t\t\t\t\t\t\t\t\t<p><strong>Mission<\/strong><br \/>Notre mission est de fournir une plateforme \u00e9ducationnelle d\u00e9di\u00e9e \u00e0 accompagner les francophones dans leur int\u00e9gration r\u00e9ussie aux \u00c9tats-Unis, en les pr\u00e9parant efficacement au test ASVAB pour leur permettre de poursuivre une carri\u00e8re militaire au sein des forces arm\u00e9es am\u00e9ricaines. Nous nous engageons \u00e0 offrir des ressources p\u00e9dagogiques interactives, adapt\u00e9es aux besoins sp\u00e9cifiques des francophones, pour am\u00e9liorer leurs comp\u00e9tences en anglais et en math\u00e9matiques, essentielles pour leur r\u00e9ussite professionnelle.<\/p><p><strong>Vision<\/strong><br \/>Nous aspirons \u00e0 devenir la r\u00e9f\u00e9rence pour les francophones d\u00e9sireux de r\u00e9ussir leur carri\u00e8re militaire aux \u00c9tats-Unis. Notre vision est de faciliter leur int\u00e9gration dans la soci\u00e9t\u00e9 am\u00e9ricaine en leur offrant non seulement une pr\u00e9paration acad\u00e9mique de qualit\u00e9, mais aussi une compr\u00e9hension approfondie de la culture et des institutions am\u00e9ricaines. En fournissant un soutien personnalis\u00e9 et en cr\u00e9ant un environnement d&rsquo;apprentissage stimulant, nous visons \u00e0 former des militaires francophones comp\u00e9tents et bien pr\u00e9par\u00e9s, pr\u00eats \u00e0 servir avec distinction au sein des forces arm\u00e9es am\u00e9ricaines.<\/p>\t\t\t\t\t\t\t\t<\/div>\n\t\t\t\t<\/div>\n\t\t\t\t\t<\/div>\n\t\t<\/div>\n\t\t\t\t\t<\/div>\n\t\t<\/section>\n\t\t\t\t<section class=\"elementor-section elementor-top-section elementor-element elementor-element-33295e7 elementor-section-boxed elementor-section-height-default elementor-section-height-default\" data-id=\"33295e7\" data-element_type=\"section\" data-e-type=\"section\">\n\t\t\t\t\t\t<div class=\"elementor-container elementor-column-gap-default\">\n\t\t\t\t\t<div class=\"elementor-column elementor-col-100 elementor-top-column elementor-element elementor-element-96a078f\" data-id=\"96a078f\" data-element_type=\"column\" data-e-type=\"column\">\n\t\t\t<div class=\"elementor-widget-wrap elementor-element-populated\">\n\t\t\t\t\t\t<div class=\"elementor-element elementor-element-08b82fe elementor-widget-divider--view-line elementor-widget elementor-widget-divider\" data-id=\"08b82fe\" data-element_type=\"widget\" data-e-type=\"widget\" data-widget_type=\"divider.default\">\n\t\t\t\t<div class=\"elementor-widget-container\">\n\t\t\t\t\t\t\t<div class=\"elementor-divider\">\n\t\t\t<span class=\"elementor-divider-separator\">\n\t\t\t\t\t\t<\/span>\n\t\t<\/div>\n\t\t\t\t\t\t<\/div>\n\t\t\t\t<\/div>\n\t\t\t\t<div class=\"elementor-element elementor-element-10074ee elementor-widget elementor-widget-text-editor\" data-id=\"10074ee\" data-element_type=\"widget\" data-e-type=\"widget\" data-widget_type=\"text-editor.default\">\n\t\t\t\t<div class=\"elementor-widget-container\">\n\t\t\t\t\t\t\t\t\t<p>Our educational platform is dedicated to helping French speakers successfully integrate into the United States. We understand the unique challenges you face when seeking to pursue a U.S. military career and we are here to guide you through the process.<\/p><p>We emphasize preparation for the Armed Services Vocational Aptitude Battery (ASVAB), which is the aptitude test used by the United States Armed Forces to assess the skills and abilities of potential applicants. Our comprehensive ASVAB preparation program is specially designed for French speakers, focusing on key areas such as English and mathematics to improve your GT score which is essential for your career.<\/p><p>On our platform, you will find a variety of educational resources, including interactive lessons, practical exercises, practice tests and useful tips to help you prepare effectively. We are committed to providing you with a learning experience tailored to your needs, using engaging and interactive teaching methods.<\/p><p>In addition to ASVAB preparation, our platform also offers courses and resources to help you understand and become familiar with the culture, customs, and institutions of the United States. We believe in providing you with the knowledge necessary to integrate seamlessly into American society and succeed in your military career.<\/p><p>Our team of qualified and experienced instructors are here to support you throughout your learning journey. We are passionate about your success and committed to providing you with the tools and resources necessary to achieve your goals.<\/p><p>Join our educational platform today and prepare thoroughly to pass the ASVAB test and pursue your military career in the United States. Together, we will build a bright future for you in U.S. military service.<\/p>\t\t\t\t\t\t\t\t<\/div>\n\t\t\t\t<\/div>\n\t\t\t\t\t<\/div>\n\t\t<\/div>\n\t\t\t\t\t<\/div>\n\t\t<\/section>\n\t\t\t\t<section class=\"elementor-section elementor-top-section elementor-element elementor-element-fe2f828 elementor-section-boxed elementor-section-height-default elementor-section-height-default\" data-id=\"fe2f828\" data-element_type=\"section\" data-e-type=\"section\">\n\t\t\t\t\t\t<div class=\"elementor-container elementor-column-gap-default\">\n\t\t\t\t\t<div class=\"elementor-column elementor-col-100 elementor-top-column elementor-element elementor-element-be0ee38\" data-id=\"be0ee38\" data-element_type=\"column\" data-e-type=\"column\">\n\t\t\t<div class=\"elementor-widget-wrap elementor-element-populated\">\n\t\t\t\t\t\t<div class=\"elementor-element elementor-element-712e5c6 elementor-widget elementor-widget-heading\" data-id=\"712e5c6\" data-element_type=\"widget\" data-e-type=\"widget\" data-widget_type=\"heading.default\">\n\t\t\t\t<div class=\"elementor-widget-container\">\n\t\t\t\t\t<h2 class=\"elementor-heading-title elementor-size-default\">Our Team<\/h2>\t\t\t\t<\/div>\n\t\t\t\t<\/div>\n\t\t\t\t\t<\/div>\n\t\t<\/div>\n\t\t\t\t\t<\/div>\n\t\t<\/section>\n\t\t<div class=\"elementor-element elementor-element-49a9a72 e-flex e-con-boxed e-con e-parent\" data-id=\"49a9a72\" data-element_type=\"container\" data-e-type=\"container\">\n\t\t\t\t\t<div class=\"e-con-inner\">\n\t\t<div class=\"elementor-element elementor-element-41a1579 e-con-full e-flex e-con e-child\" data-id=\"41a1579\" data-element_type=\"container\" data-e-type=\"container\">\n\t\t\t\t<div class=\"elementor-element elementor-element-5f14701 elementor-widget elementor-widget-image\" data-id=\"5f14701\" data-element_type=\"widget\" data-e-type=\"widget\" data-widget_type=\"image.default\">\n\t\t\t\t<div class=\"elementor-widget-container\">\n\t\t\t\t\t\t\t\t\t\t\t\t\t\t\t<img decoding=\"async\" width=\"1211\" height=\"1536\" src=\"https:\/\/opqconsulting.com\/wp-content\/uploads\/2024\/08\/WhatsApp-Image-2024-08-17-at-01.42.40-1211x1536.jpeg\" class=\"attachment-1536x1536 size-1536x1536 wp-image-8073\" alt=\"Ulrich des states\" srcset=\"https:\/\/opqconsulting.com\/wp-content\/uploads\/2024\/08\/WhatsApp-Image-2024-08-17-at-01.42.40-1211x1536.jpeg 1211w, https:\/\/opqconsulting.com\/wp-content\/uploads\/2024\/08\/WhatsApp-Image-2024-08-17-at-01.42.40-236x300.jpeg 236w, https:\/\/opqconsulting.com\/wp-content\/uploads\/2024\/08\/WhatsApp-Image-2024-08-17-at-01.42.40-807x1024.jpeg 807w, https:\/\/opqconsulting.com\/wp-content\/uploads\/2024\/08\/WhatsApp-Image-2024-08-17-at-01.42.40-768x974.jpeg 768w, https:\/\/opqconsulting.com\/wp-content\/uploads\/2024\/08\/WhatsApp-Image-2024-08-17-at-01.42.40-9x12.jpeg 9w, https:\/\/opqconsulting.com\/wp-content\/uploads\/2024\/08\/WhatsApp-Image-2024-08-17-at-01.42.40-600x761.jpeg 600w, https:\/\/opqconsulting.com\/wp-content\/uploads\/2024\/08\/WhatsApp-Image-2024-08-17-at-01.42.40.jpeg 1284w\" sizes=\"(max-width: 1211px) 100vw, 1211px\" \/>\t\t\t\t\t\t\t\t\t\t\t\t\t\t\t<\/div>\n\t\t\t\t<\/div>\n\t\t\t\t<\/div>\n\t\t<div class=\"elementor-element elementor-element-44cb069 e-con-full e-flex e-con e-child\" data-id=\"44cb069\" data-element_type=\"container\" data-e-type=\"container\">\n\t\t\t\t<div class=\"elementor-element elementor-element-eabf385 elementor-widget elementor-widget-heading\" data-id=\"eabf385\" data-element_type=\"widget\" data-e-type=\"widget\" data-widget_type=\"heading.default\">\n\t\t\t\t<div class=\"elementor-widget-container\">\n\t\t\t\t\t<h4 class=\"elementor-heading-title elementor-size-default\">ULRICH DES STATES<\/h4>\t\t\t\t<\/div>\n\t\t\t\t<\/div>\n\t\t\t\t<div class=\"elementor-element elementor-element-094821a elementor-widget elementor-widget-heading\" data-id=\"094821a\" data-element_type=\"widget\" data-e-type=\"widget\" data-widget_type=\"heading.default\">\n\t\t\t\t<div class=\"elementor-widget-container\">\n\t\t\t\t\t<h6 class=\"elementor-heading-title elementor-size-default\">Founder of OPQ CONSULTING GROUP LLC<\/h6>\t\t\t\t<\/div>\n\t\t\t\t<\/div>\n\t\t\t\t<div class=\"elementor-element elementor-element-b8b1272 elementor-widget elementor-widget-text-editor\" data-id=\"b8b1272\" data-element_type=\"widget\" data-e-type=\"widget\" data-widget_type=\"text-editor.default\">\n\t\t\t\t<div class=\"elementor-widget-container\">\n\t\t\t\t\t\t\t\t\t<p>Nous vous aiderons \u00e0 atteindre vos objectifs.<\/p>\t\t\t\t\t\t\t\t<\/div>\n\t\t\t\t<\/div>\n\t\t\t\t<\/div>\n\t\t\t\t\t<\/div>\n\t\t\t\t<\/div>\n\t\t<div class=\"elementor-element elementor-element-796ab90 e-flex e-con-boxed e-con e-parent\" data-id=\"796ab90\" data-element_type=\"container\" data-e-type=\"container\">\n\t\t\t\t\t<div class=\"e-con-inner\">\n\t\t\t\t<div class=\"elementor-element elementor-element-6659196 elementor-widget elementor-widget-heading\" data-id=\"6659196\" data-element_type=\"widget\" data-e-type=\"widget\" data-widget_type=\"heading.default\">\n\t\t\t\t<div class=\"elementor-widget-container\">\n\t\t\t\t\t<h2 class=\"elementor-heading-title elementor-size-default\">Ce qu'ils disent de nous<\/h2>\t\t\t\t<\/div>\n\t\t\t\t<\/div>\n\t\t\t\t\t<\/div>\n\t\t\t\t<\/div>\n\t\t<div class=\"elementor-element elementor-element-c567089 e-flex e-con-boxed e-con e-parent\" data-id=\"c567089\" data-element_type=\"container\" data-e-type=\"container\">\n\t\t\t\t\t<div class=\"e-con-inner\">\n\t\t\t\t<div class=\"elementor-element elementor-element-348e3bb elementor-widget elementor-widget-testimonial-carousel\" data-id=\"348e3bb\" data-element_type=\"widget\" data-e-type=\"widget\" data-widget_type=\"testimonial-carousel.default\">\n\t\t\t\t<div class=\"elementor-widget-container\">\n\t\t\t\t\t \t\t\t\t<\/div>\n\t\t\t\t<\/div>\n\t\t\t\t\t<\/div>\n\t\t\t\t<\/div>\n\t\t\t\t<section class=\"elementor-section elementor-top-section elementor-element elementor-element-e877aea elementor-section-boxed elementor-section-height-default elementor-section-height-default\" data-id=\"e877aea\" data-element_type=\"section\" data-e-type=\"section\" data-settings=\"{&quot;background_background&quot;:&quot;classic&quot;}\">\n\t\t\t\t\t\t<div class=\"elementor-container elementor-column-gap-default\">\n\t\t\t\t\t<div class=\"elementor-column elementor-col-33 elementor-top-column elementor-element elementor-element-623e7c8\" data-id=\"623e7c8\" data-element_type=\"column\" data-e-type=\"column\">\n\t\t\t<div class=\"elementor-widget-wrap elementor-element-populated\">\n\t\t\t\t\t\t<div class=\"elementor-element elementor-element-57d715b elementor-shape-circle elementor-grid-5 e-grid-align-center elementor-widget elementor-widget-social-icons\" data-id=\"57d715b\" data-element_type=\"widget\" data-e-type=\"widget\" data-widget_type=\"social-icons.default\">\n\t\t\t\t<div class=\"elementor-widget-container\">\n\t\t\t\t\t\t\t<div class=\"elementor-social-icons-wrapper elementor-grid\" role=\"list\">\n\t\t\t\t\t\t\t<span class=\"elementor-grid-item\" role=\"listitem\">\n\t\t\t\t\t<a class=\"elementor-icon elementor-social-icon elementor-social-icon-telegram elementor-repeater-item-5083e0d\" href=\"https:\/\/t.me\/+ZXStof71AHIzOWQx\" target=\"_blank\">\n\t\t\t\t\t\t<span class=\"elementor-screen-only\">Telegram<\/span>\n\t\t\t\t\t\t<svg aria-hidden=\"true\" class=\"e-font-icon-svg e-fab-telegram\" viewbox=\"0 0 496 512\" xmlns=\"http:\/\/www.w3.org\/2000\/svg\"><path d=\"M248 8C111 8 0 119 0 256s111 248 248 248 248-111 248-248S385 8 248 8zm121.8 169.9l-40.7 191.8c-3 13.6-11.1 16.9-22.4 10.5l-62-45.7-29.9 28.8c-3.3 3.3-6.1 6.1-12.5 6.1l4.4-63.1 114.9-103.8c5-4.4-1.1-6.9-7.7-2.5l-142 89.4-61.2-19.1c-13.3-4.2-13.6-13.3 2.8-19.7l239.1-92.2c11.1-4 20.8 2.7 17.2 19.5z\"><\/path><\/svg>\t\t\t\t\t<\/a>\n\t\t\t\t<\/span>\n\t\t\t\t\t\t\t<span class=\"elementor-grid-item\" role=\"listitem\">\n\t\t\t\t\t<a class=\"elementor-icon elementor-social-icon elementor-social-icon-instagram elementor-repeater-item-56876d5\" href=\"https:\/\/www.instagram.com\/opq_consulting_group_?igsh=cXJ5aW0yem1mc3By&#038;utm_source=qr\" target=\"_blank\">\n\t\t\t\t\t\t<span class=\"elementor-screen-only\">Instagram<\/span>\n\t\t\t\t\t\t<svg aria-hidden=\"true\" class=\"e-font-icon-svg e-fab-instagram\" viewbox=\"0 0 448 512\" xmlns=\"http:\/\/www.w3.org\/2000\/svg\"><path d=\"M224.1 141c-63.6 0-114.9 51.3-114.9 114.9s51.3 114.9 114.9 114.9S339 319.5 339 255.9 287.7 141 224.1 141zm0 189.6c-41.1 0-74.7-33.5-74.7-74.7s33.5-74.7 74.7-74.7 74.7 33.5 74.7 74.7-33.6 74.7-74.7 74.7zm146.4-194.3c0 14.9-12 26.8-26.8 26.8-14.9 0-26.8-12-26.8-26.8s12-26.8 26.8-26.8 26.8 12 26.8 26.8zm76.1 27.2c-1.7-35.9-9.9-67.7-36.2-93.9-26.2-26.2-58-34.4-93.9-36.2-37-2.1-147.9-2.1-184.9 0-35.8 1.7-67.6 9.9-93.9 36.1s-34.4 58-36.2 93.9c-2.1 37-2.1 147.9 0 184.9 1.7 35.9 9.9 67.7 36.2 93.9s58 34.4 93.9 36.2c37 2.1 147.9 2.1 184.9 0 35.9-1.7 67.7-9.9 93.9-36.2 26.2-26.2 34.4-58 36.2-93.9 2.1-37 2.1-147.8 0-184.8zM398.8 388c-7.8 19.6-22.9 34.7-42.6 42.6-29.5 11.7-99.5 9-132.1 9s-102.7 2.6-132.1-9c-19.6-7.8-34.7-22.9-42.6-42.6-11.7-29.5-9-99.5-9-132.1s-2.6-102.7 9-132.1c7.8-19.6 22.9-34.7 42.6-42.6 29.5-11.7 99.5-9 132.1-9s102.7-2.6 132.1 9c19.6 7.8 34.7 22.9 42.6 42.6 11.7 29.5 9 99.5 9 132.1s2.7 102.7-9 132.1z\"><\/path><\/svg>\t\t\t\t\t<\/a>\n\t\t\t\t<\/span>\n\t\t\t\t\t\t\t<span class=\"elementor-grid-item\" role=\"listitem\">\n\t\t\t\t\t<a class=\"elementor-icon elementor-social-icon elementor-social-icon-youtube elementor-repeater-item-9635ad8\" href=\"https:\/\/youtube.com\/@llas?si=q4a4pwqAW6VmViq2\" target=\"_blank\">\n\t\t\t\t\t\t<span class=\"elementor-screen-only\">Youtube<\/span>\n\t\t\t\t\t\t<svg aria-hidden=\"true\" class=\"e-font-icon-svg e-fab-youtube\" viewbox=\"0 0 576 512\" xmlns=\"http:\/\/www.w3.org\/2000\/svg\"><path d=\"M549.655 124.083c-6.281-23.65-24.787-42.276-48.284-48.597C458.781 64 288 64 288 64S117.22 64 74.629 75.486c-23.497 6.322-42.003 24.947-48.284 48.597-11.412 42.867-11.412 132.305-11.412 132.305s0 89.438 11.412 132.305c6.281 23.65 24.787 41.5 48.284 47.821C117.22 448 288 448 288 448s170.78 0 213.371-11.486c23.497-6.321 42.003-24.171 48.284-47.821 11.412-42.867 11.412-132.305 11.412-132.305s0-89.438-11.412-132.305zm-317.51 213.508V175.185l142.739 81.205-142.739 81.201z\"><\/path><\/svg>\t\t\t\t\t<\/a>\n\t\t\t\t<\/span>\n\t\t\t\t\t\t\t<span class=\"elementor-grid-item\" role=\"listitem\">\n\t\t\t\t\t<a class=\"elementor-icon elementor-social-icon elementor-social-icon-tiktok elementor-repeater-item-fbdec38\" href=\"https:\/\/www.tiktok.com\/@ulrich.aka.alex?_t=8ovvYgs86Tm&#038;_r=1\" target=\"_blank\">\n\t\t\t\t\t\t<span class=\"elementor-screen-only\">Tiktok<\/span>\n\t\t\t\t\t\t<svg aria-hidden=\"true\" class=\"e-font-icon-svg e-fab-tiktok\" viewbox=\"0 0 448 512\" xmlns=\"http:\/\/www.w3.org\/2000\/svg\"><path d=\"M448,209.91a210.06,210.06,0,0,1-122.77-39.25V349.38A162.55,162.55,0,1,1,185,188.31V278.2a74.62,74.62,0,1,0,52.23,71.18V0l88,0a121.18,121.18,0,0,0,1.86,22.17h0A122.18,122.18,0,0,0,381,102.39a121.43,121.43,0,0,0,67,20.14Z\"><\/path><\/svg>\t\t\t\t\t<\/a>\n\t\t\t\t<\/span>\n\t\t\t\t\t<\/div>\n\t\t\t\t\t\t<\/div>\n\t\t\t\t<\/div>\n\t\t\t\t\t<\/div>\n\t\t<\/div>\n\t\t\t\t<div class=\"elementor-column elementor-col-33 elementor-top-column elementor-element elementor-element-514a96c\" data-id=\"514a96c\" data-element_type=\"column\" data-e-type=\"column\">\n\t\t\t<div class=\"elementor-widget-wrap elementor-element-populated\">\n\t\t\t\t\t\t<div class=\"elementor-element elementor-element-bcabbf7 elementor-widget__width-initial elementor-widget elementor-widget-nav-menu\" data-id=\"bcabbf7\" data-element_type=\"widget\" data-e-type=\"widget\" data-widget_type=\"nav-menu.default\">\n\t\t\t\t<div class=\"elementor-widget-container\">\n\t\t\t\t\t \t\t\t\t<\/div>\n\t\t\t\t<\/div>\n\t\t\t\t\t<\/div>\n\t\t<\/div>\n\t\t\t\t<div class=\"elementor-column elementor-col-33 elementor-top-column elementor-element elementor-element-de8e2a6\" data-id=\"de8e2a6\" data-element_type=\"column\" data-e-type=\"column\">\n\t\t\t<div class=\"elementor-widget-wrap elementor-element-populated\">\n\t\t\t\t\t\t<div class=\"elementor-element elementor-element-0bb366d elementor-widget elementor-widget-text-editor\" data-id=\"0bb366d\" data-element_type=\"widget\" data-e-type=\"widget\" data-widget_type=\"text-editor.default\">\n\t\t\t\t<div class=\"elementor-widget-container\">\n\t\t\t\t\t\t\t\t\t<p><strong>Contact details<\/strong><\/p><p>opqconsulting2022@gmail.com<br \/>+1 (346) 438-7243 Usa<\/p>\t\t\t\t\t\t\t\t<\/div>\n\t\t\t\t<\/div>\n\t\t\t\t\t<\/div>\n\t\t<\/div>\n\t\t\t\t\t<\/div>\n\t\t<\/section>\n\t\t\t\t<\/div>","protected":false},"excerpt":{"rendered":"<p>Reservez un appel A PROPOS\u200b QUI SOMMES-NOUS ? Mission &#038; Vision MissionNotre mission est de fournir une plateforme \u00e9ducationnelle d\u00e9di\u00e9e<\/p>","protected":false},"author":1,"featured_media":0,"parent":0,"menu_order":0,"comment_status":"closed","ping_status":"closed","template":"elementor_header_footer","meta":{"_tutorstarter_page_metadata":[],"footnotes":""},"class_list":["post-1107","page","type-page","status-publish","hentry"],"_links":{"self":[{"href":"https:\/\/opqconsulting.com\/en\/wp-json\/wp\/v2\/pages\/1107","targetHints":{"allow":["GET"]}}],"collection":[{"href":"https:\/\/opqconsulting.com\/en\/wp-json\/wp\/v2\/pages"}],"about":[{"href":"https:\/\/opqconsulting.com\/en\/wp-json\/wp\/v2\/types\/page"}],"author":[{"embeddable":true,"href":"https:\/\/opqconsulting.com\/en\/wp-json\/wp\/v2\/users\/1"}],"replies":[{"embeddable":true,"href":"https:\/\/opqconsulting.com\/en\/wp-json\/wp\/v2\/comments?post=1107"}],"version-history":[{"count":73,"href":"https:\/\/opqconsulting.com\/en\/wp-json\/wp\/v2\/pages\/1107\/revisions"}],"predecessor-version":[{"id":8094,"href":"https:\/\/opqconsulting.com\/en\/wp-json\/wp\/v2\/pages\/1107\/revisions\/8094"}],"wp:attachment":[{"href":"https:\/\/opqconsulting.com\/en\/wp-json\/wp\/v2\/media?parent=1107"}],"curies":[{"name":"wp","href":"https:\/\/api.w.org\/{rel}","templated":true}]}}